{"id":1091,"date":"2008-11-15T19:28:32","date_gmt":"2008-11-15T23:58:32","guid":{"rendered":"http:\/\/www.golfreportlatino.com\/dev\/?page_id=1091"},"modified":"2008-11-15T19:28:32","modified_gmt":"2008-11-15T23:58:32","slug":"pedro-rodriguez-el-que-hace-trampas-en-el-golf-tambien-las-hace-en-la-vida","status":"publish","type":"page","link":"https:\/\/www.golfreportlatino.com\/dev\/?page_id=1091","title":{"rendered":"Pedro Rodr\u00edguez: \u00abEl que hace trampas en el golf, tambi\u00e9n las hace en la vida\u00bb"},"content":{"rendered":"<p><em>EMILIO P\u00c9REZ DE ROZAS<\/em>,<em> elperiodico.com, Catalunya.<\/em><\/p>\n<h4>La Federaci\u00f3n Catalana de Golf cumple 40 a\u00f1os, los mismos que lleva este  encantador bisabuelo jugando.<\/h4>\n<p style=\"text-align: center;\"><a href=\"https:\/\/www.golfreportlatino.com\/dev\/wp-content\/uploads\/2008\/11\/pedro-rodriguez.jpg\"><img loading=\"lazy\" decoding=\"async\" class=\"size-medium wp-image-1093 aligncenter\" style=\"margin-top: 20px; margin-bottom: 20px;\" title=\"pedro-rodriguez\" src=\"https:\/\/www.golfreportlatino.com\/dev\/wp-content\/uploads\/2008\/11\/pedro-rodriguez.jpg\" alt=\"\" width=\"200\" height=\"180\" \/><\/a><\/p>\n<h4>&#8211;Para que se haga cargo del tipo de entrevista: el golf es el \u00fanico deporte en el que te espera la pelota. \u00bfMe lo puede explicar?<\/h4>\n<p>&#8211;Perd\u00f3n, \u00bfusted lo ha probado? \u00bfHa sentido la tentaci\u00f3n de probarlo?<\/p>\n<h4>&#8211;No, ni la sentir\u00e9, estoy seguro.<\/h4>\n<p>&#8211;Entonces le voy a disculpar ese juicio porque, si no lo ha probado, comprendo que hable as\u00ed del golf. Y, siguiendo con su broma, le dir\u00e9 que la pelota, no solo te espera, sino que se est\u00e1 quieta mientras la golpeas. Si quiere le doy algunos motivos por los que el golf es un deporte \u00fanico.<\/p>\n<h4>&#8211;Que sepa que estoy bien informado y s\u00e9 que usted, gran esquiador y mejor gimnasta, nunca le tuvo demasiado cari\u00f1o al golf, lo consideraba m\u00e1s un juego que un deporte.<\/h4>\n<p>&#8211;Cierto, s\u00ed, tiene usted raz\u00f3n pero lo prob\u00e9 y ca\u00ed en sus redes hasta el punto de que empec\u00e9 siendo jugador, pas\u00e9 a ser directivo y he terminado sirviendo a los que juegan.<\/p>\n<h4>&#8211;\u00bfQu\u00e9 le hizo jugar a golf?<\/h4>\n<p>&#8211;Hace 38 a\u00f1os me extirparon un pulm\u00f3n en la cl\u00ednica Mayo de Rochester (EEUU) y, al salir del hospital, el cirujano me dijo: \u00abUsted, amigo, que ha hecho deporte toda la vida, ha de seguir practic\u00e1ndolo. Si no hace deporte, ser\u00e1 un enfermo toda su vida. Y usted no es un enfermo, es un operado\u00bb. Prob\u00e9 y me gust\u00f3, me encant\u00f3. Bueno, hasta ahora, que llevo 38 a\u00f1os practic\u00e1ndolo.<\/p>\n<h4>&#8211;Me dec\u00eda que iba a enumerarme un pu\u00f1ado de motivos para incitarme a jugar a golf. Soy todo o\u00eddos.<\/h4>\n<p>&#8211;El golf genera salud. Caminas, te esfuerzas, compartes conversaci\u00f3n, reflexionas, dialogas. El golf te obliga a concentrarte, lo cual, luego, te sirve para aplicarlo en tu vida cotidiana. Esa concentraci\u00f3n y disciplina que exige el golf para jugarlo a buen nivel, la extiendes luego a la familia, al trabajo, a tu relaci\u00f3n con los dem\u00e1s.<\/p>\n<h4>&#8211;No ser\u00e1 solo por eso por lo que la gente se engancha al golf.<\/h4>\n<p>&#8211;La enorme dificultad que tiene jugarlo bien tambi\u00e9n es otro de sus atractivos. Y parece que deber\u00eda ser a la inversa, es decir: cuanto m\u00e1s f\u00e1cil es jugar, m\u00e1s gente se apunta. Y no. Esa motivaci\u00f3n de superarte d\u00eda a d\u00eda, de mejorar tu h\u00e1ndicap, de hacer menos golpes que hace un mes o dos, se convierte en un reto personal muy motivador. Eres t\u00fa contra el campo. T\u00fa contra ti mismo. T\u00fa eres tu propio juez y \u00e1rbitro.<\/p>\n<h4>&#8211;Pues tengo entendido que hay muchos que hacen trampas.<\/h4>\n<p>&#8211;En el golf, al que hace trampas se le nota enseguida. Es m\u00e1s, los conocemos a todos. Y le dir\u00e9 que el que hace trampas en el golf, tambi\u00e9n las hace en la vida. Y all\u00e1 \u00e9l. Es como hacer trampas en el solitario, igual.<\/p>\n<h4>&#8211;\u00bfY cu\u00e1les son las trampas m\u00e1s habituales de estos pillos?<\/h4>\n<p>&#8211;Decirte que han hecho menos golpes de los que han hecho. Discutir la cuenta. \u00abHe hecho 6&#8243;, te dice. Y t\u00fa, que lo has visto, le dices :\u00bbPero si te he visto dar 8\u00bb. \u00abVale, pues ap\u00fantame 7\u00bb. Y ya te ha guindado un golpe. Cosas de bobos. Jugar con alguien que hace trampillas no te sale a cuenta porque, al ir pendiente de sus cuentas, pierdes la concentraci\u00f3n en tu recorrido y no disfrutas.<\/p>\n<h4>&#8211;Habr\u00e1 quien mueva la bola.<\/h4>\n<p>&#8211;Uffff y tanto, sobre todo si la tiene fuera de la calle. Cuando llega donde le ha quedado, \u00a1zas!, le da una patadita o la empuja disimuladamente con la puntita del palo o, peor a\u00fan, est\u00e1 conchabado con su caddy, que llega antes y la mete en calle. Insisto, unos bobos, a los que conocemos todos y a los que tratamos de evitar.<\/p>\n<h4>&#8211;Me han dicho que usted es de los veteranos buenos, buenos.<\/h4>\n<p>&#8211;Lo que tengo son buenos amigos. Yo, si algo lamento, es haber empezado demasiado tarde a jugar a golf, pues hubiese podido aprender como toca y no ser tan autodidacta. Ahora, a los 87 a\u00f1os, he perdido ya unos 50 metros de potencia, mi concentraci\u00f3n no es la que era, mi variedad de golpes ha disminuido y mi equilibrio es bastante inestable, as\u00ed que, cuando golpeo, he de ir con cuidado de no pretender balancearme tanto como antes, pues, tras conectar el golpe, corro peligro de caerme.<\/p>\n<h4>&#8211;Pero s\u00ed me han dicho que acaba de comprarse dos palos nuevos que son una virguer\u00eda.<\/h4>\n<p>&#8211;Bueno, s\u00ed, son de los que llaman h\u00edbridos, es decir, formato de madera y composici\u00f3n de hierro. Solo pesan 46 gramos y tienen el peso repartido de tal manera que su centro de gravedad est\u00e1 en la parte m\u00e1s baja y trasera, lo que te permite imprimirle a la bola m\u00e1s velocidad con menos esfuerzo. Yo, insisto, ya no estoy para muchos trotes. Van bien, s\u00ed.<\/p>\n<h4>&#8211;Oiga \u00bfusted cree que Sergio Garc\u00eda alcanzar\u00e1 a Tiger Woods?<\/h4>\n<p>&#8211;Lo dudo. El poder de Woods est\u00e1 en su mente, se concentra mejor que nadie, solo se preocupa de \u00e9l, de su recorrido, vuelca toda su fuerza mental, t\u00e9cnica y f\u00edsica en cada golpe que da. Sergio es extraordinario, un portento, pero me temo que est\u00e1 m\u00e1s pendiente de lo que hacen los dem\u00e1s que de concentrarse en el golpe que ha de conectar. Y tampoco le veo con el esp\u00edritu ganador y de superaci\u00f3n de Rafa Nadal, que no ha parado hasta que ha alcanzado y superado a Roger Federer.<\/p>\n","protected":false},"excerpt":{"rendered":"<p>EMILIO P\u00c9REZ DE ROZAS, elperiodico.com, Catalunya. La Federaci\u00f3n Catalana de Golf cumple 40 a\u00f1os, los mismos que lleva este encantador bisabuelo jugando. &#8211;Para que se haga cargo del tipo de entrevista: el golf es el \u00fanico deporte en el que te espera la pelota. \u00bfMe lo puede explicar? &#8211;Perd\u00f3n, \u00bfusted&#8230;<\/p>\n","protected":false},"author":5688,"featured_media":0,"parent":0,"menu_order":0,"comment_status":"open","ping_status":"closed","template":"","meta":{"footnotes":""},"class_list":["post-1091","page","type-page","status-publish","hentry"],"_links":{"self":[{"href":"https:\/\/www.golfreportlatino.com\/dev\/index.php?rest_route=\/wp\/v2\/pages\/1091"}],"collection":[{"href":"https:\/\/www.golfreportlatino.com\/dev\/index.php?rest_route=\/wp\/v2\/pages"}],"about":[{"href":"https:\/\/www.golfreportlatino.com\/dev\/index.php?rest_route=\/wp\/v2\/types\/page"}],"author":[{"embeddable":true,"href":"https:\/\/www.golfreportlatino.com\/dev\/index.php?rest_route=\/wp\/v2\/users\/5688"}],"replies":[{"embeddable":true,"href":"https:\/\/www.golfreportlatino.com\/dev\/index.php?rest_route=%2Fwp%2Fv2%2Fcomments&post=1091"}],"version-history":[{"count":3,"href":"https:\/\/www.golfreportlatino.com\/dev\/index.php?rest_route=\/wp\/v2\/pages\/1091\/revisions"}],"predecessor-version":[{"id":1095,"href":"https:\/\/www.golfreportlatino.com\/dev\/index.php?rest_route=\/wp\/v2\/pages\/1091\/revisions\/1095"}],"wp:attachment":[{"href":"https:\/\/www.golfreportlatino.com\/dev\/index.php?rest_route=%2Fwp%2Fv2%2Fmedia&parent=1091"}],"curies":[{"name":"wp","href":"https:\/\/api.w.org\/{rel}","templated":true}]}}