{"id":1802,"date":"2008-12-12T15:37:32","date_gmt":"2008-12-12T20:07:32","guid":{"rendered":"http:\/\/www.golfreportlatino.com\/dev\/?page_id=1802"},"modified":"2008-12-12T15:37:32","modified_gmt":"2008-12-12T20:07:32","slug":"nuevos-hierros-taylor-made-mb-nuevo-nivel-y-sensaciones-al-golpear-la-bola","status":"publish","type":"page","link":"https:\/\/www.golfreportlatino.com\/dev\/?page_id=1802","title":{"rendered":"Nuevos hierros Taylor Made MB, nuevo nivel y sensaciones al golpear la bola."},"content":{"rendered":"<p style=\"text-align: justify;\">(BaseGolf.com) &#8211; Para los jugadores que prefieren el aspecto, la sensaci\u00f3n y la forma de juego de un hierro tradicional, existe el rac MB forjado, en el cual los ingenieros de Taylor Made unieron la limpieza de las l\u00edneas cl\u00e1sicas de un hierro blade con la ciencia de la tecnolog\u00eda rac. El resultado un hierro muscleback (de m\u00fasculo posterior) eso es lo que significa MB, que provee una extraordinaria combinaci\u00f3n de poder, manejabilidad y buena sensaci\u00f3n al pegarle.<\/p>\n<p style=\"text-align: justify;\">The rac MB transmite precisi\u00f3n y elegancia desde cualquier \u00e1ngulo y en todos los detalles, desde la l\u00ednea fina de su tope hasta su suela lisa, desde la cabeza compacta del palo hasta su acabado en cromo pulido, desde el m\u00ednimo offset (compensaci\u00f3n en la varilla) hasta el robusto m\u00fasculo posterior.<\/p>\n<p style=\"text-align: justify;\">Los jugadores que disfrutan el ser creativos amar\u00e1n el rac MB. Dise\u00f1ado para proveer un bajo \u00e1ngulo de lanzamiento, el gran manejo de la pelota del los hierros rac MB hace esto posible, en manos experimentadas, y f\u00e1cilmente maniobrar tiros en cualquier direcci\u00f3n. Y la tecnolog\u00eda rac de Taylor Made, en concierto con el dise\u00f1o (muscleback) m\u00fasculo posterior, proporciona un poder extremo en el \u00e1rea de golpeo tambi\u00e9n como un nuevo nivel de sensaci\u00f3n y retroalimentaci\u00f3n por parte del palo.<\/p>\n<p style=\"text-align: justify;\">La tecnolog\u00eda rac (relative amplitud coeficient), en espa\u00f1ol coeficiente relativo de amplitud, permite a los ingenieros de Taylor Made control lo que siente el jugador al golpear el palo.<!--more--><\/p>\n<p style=\"text-align: justify;\">Cavidades de sensaci\u00f3n ubicadas en la parte posterior de la cabeza del palo canaliza la energ\u00eda en el impacto para que estrat\u00e9gicamente se concentre en el punto de impacto. Promoviendo u ocasionando la sensaci\u00f3n de golpeo s\u00f3lido al impacto que los golfistas aman.<\/p>\n<p style=\"text-align: justify;\">Con una forma compacta y alta, con un centro de gravedad hacia adelante permiten un m\u00e1ximo manejo de la bola de derecha a izquierda, de izquierda a derecha, alta y baja.<\/p>\n<p style=\"text-align: justify;\">A pesar del \u00e1ngulo de lanzamiento m\u00e1s bajo, las propiedades del dise\u00f1o del rac MB permiten una control muy preciso de la trayectoria y su ajuste.<\/p>\n<p style=\"text-align: justify;\">La cara tipo Blade con m\u00fasculo posterior (muscleback) combinada con la tecnolog\u00eda rac nos permite la mayor transferencia de energ\u00eda a la cara del palo y una sensaci\u00f3n \u00fanica al jugador cada vez que ejecuta un tiro. Adem\u00e1s es el hierro blase m\u00e1s bonito y con una apariencia m\u00e1s elegante en el mercado.<\/p>\n<p style=\"text-align: justify;\">Algunas caracter\u00edsticas notables:<\/p>\n<p style=\"text-align: justify;\">Una l\u00ednea del palo bastante fina preferida por los profesionales del Tour y por jugadores experimentados.<br \/>\nUn offset m\u00ednimo, progresivo desde los hierros largos hasta los wedges.<br \/>\nUn acabado final bien cromado y altamente pulido.<br \/>\nUna suela angosta que permite golpear bien desde todas las condiciones de lie (como se situa la pelota en el terreno).<br \/>\nUn borde muy compacto impide que el palo se entierre continuamente en el terreno.<br \/>\nEspecificaciones:<\/p>\n<p style=\"text-align: justify;\">Hierro Loft Lie Bounce Offset Longitud<br \/>\n1 17\u00b0 57.0\u00b0 -1.0\u00b0 3.4mm 39.75&#8243; 40.00&#8243;<br \/>\n2 19\u00b0 58.0\u00b0 -0.5\u00b0 3.4mm 39.25&#8243; 39.50&#8243;<br \/>\n3 21\u00b0 59.0\u00b0 0.0\u00b0 3.2mm 38.75&#8243; 39.00&#8243;<br \/>\n4 24\u00b0 60.0\u00b0 1.0\u00b0 3.0mm 38.25&#8243; 38.50&#8243;<br \/>\n5 28\u00b0 60.5\u00b0 1.5\u00b0 2.8mm 37.75&#8243; 38.00&#8243;<br \/>\n6 32\u00b0 61.0\u00b0 2.5\u00b0 2.6mm 37.25&#8243; 37.50&#8243;<br \/>\n7 36\u00b0 61.5\u00b0 3.5\u00b0 2.4mm 36.75&#8243; 37.00&#8243;<br \/>\n8 40\u00b0 62.0\u00b0 4.5\u00b0 2.2mm 36.25&#8243; 36.50&#8243;<br \/>\n9 44\u00b0 62.5\u00b0 5.5\u00b0 2.0mm 35.75&#8243; 36.00&#8243;<br \/>\nPW 48\u00b0 63.0\u00b0 6.0\u00b0 1.8mm 35.50&#8243; 35.50&#8243;\n<\/p>\n<p style=\"text-align: justify;\">\n<p style=\"text-align: justify;\">\n","protected":false},"excerpt":{"rendered":"<p>(BaseGolf.com) &#8211; Para los jugadores que prefieren el aspecto, la sensaci\u00f3n y la forma de juego de un hierro tradicional, existe el rac MB forjado, en el cual los ingenieros de Taylor Made unieron la limpieza de las l\u00edneas cl\u00e1sicas de un hierro blade con la ciencia de la tecnolog\u00eda&#8230;<\/p>\n","protected":false},"author":5688,"featured_media":0,"parent":0,"menu_order":0,"comment_status":"open","ping_status":"closed","template":"","meta":{"footnotes":""},"class_list":["post-1802","page","type-page","status-publish","hentry"],"_links":{"self":[{"href":"https:\/\/www.golfreportlatino.com\/dev\/index.php?rest_route=\/wp\/v2\/pages\/1802"}],"collection":[{"href":"https:\/\/www.golfreportlatino.com\/dev\/index.php?rest_route=\/wp\/v2\/pages"}],"about":[{"href":"https:\/\/www.golfreportlatino.com\/dev\/index.php?rest_route=\/wp\/v2\/types\/page"}],"author":[{"embeddable":true,"href":"https:\/\/www.golfreportlatino.com\/dev\/index.php?rest_route=\/wp\/v2\/users\/5688"}],"replies":[{"embeddable":true,"href":"https:\/\/www.golfreportlatino.com\/dev\/index.php?rest_route=%2Fwp%2Fv2%2Fcomments&post=1802"}],"version-history":[{"count":4,"href":"https:\/\/www.golfreportlatino.com\/dev\/index.php?rest_route=\/wp\/v2\/pages\/1802\/revisions"}],"predecessor-version":[{"id":1809,"href":"https:\/\/www.golfreportlatino.com\/dev\/index.php?rest_route=\/wp\/v2\/pages\/1802\/revisions\/1809"}],"wp:attachment":[{"href":"https:\/\/www.golfreportlatino.com\/dev\/index.php?rest_route=%2Fwp%2Fv2%2Fmedia&parent=1802"}],"curies":[{"name":"wp","href":"https:\/\/api.w.org\/{rel}","templated":true}]}}