{"id":2342,"date":"2009-01-09T18:13:41","date_gmt":"2009-01-09T22:43:41","guid":{"rendered":"http:\/\/www.golfreportlatino.com\/dev\/?page_id=2342"},"modified":"2009-01-09T18:13:41","modified_gmt":"2009-01-09T22:43:41","slug":"los-campos-de-golf-crecieron-el-doble-en-2008","status":"publish","type":"page","link":"https:\/\/www.golfreportlatino.com\/dev\/?page_id=2342","title":{"rendered":"Los campos de Golf crecieron el doble en 2008"},"content":{"rendered":"<p>El n\u00famero de campos de golf federados en Espa\u00f1a, a 1 de enero de 2009, es de 380, 21 m\u00e1s que en 2008, un incremento significativo si se tiene en cuenta que multiplica por dos la media registrada hasta este momento, cifrada aproximadamente entorno a diez nuevos campos al a\u00f1o en el \u00faltimo decenio.<\/p>\n<p>En la rese\u00f1ada cantidad de 380 instalaciones de golf est\u00e1n comprendidos los clubes con 60 hoyos -La Cala, en M\u00e1laga, el mayor complejo golf\u00edstico de Espa\u00f1a, con 3 recorridos de 18 hoyos y 6 hoyos pares 3-; 54 hoyos -los tres recorridos de 18 hoyos de La Manga-; 36 hoyos -dos recorridos de 18-; 27 hoyos -uno de 18 y uno de 9-; 18 hoyos y 9 hoyos, as\u00ed como pares 3 y &#8216;Pitch&amp;Putts&#8217;.<\/p>\n<p>Al margen de estas 380 instalaciones de golf se encuentran los 18 campos r\u00fasticos registrados en la base de datos, adem\u00e1s de 36 canchas de pr\u00e1cticas y 110 clubes sin campo, asociaciones que, como su nombre indica, promueven este deporte pero carecen de campo de golf, lo que hace un total de 544 clubes de golf federados en Espa\u00f1a a principio de a\u00f1o.<\/p>\n<p>Del total de 380 campos de golf, 36 de ellos tienen car\u00e1cter p\u00fablico y popular, lo que representa un 9,5 por ciento del total, un porcentaje significativo si se tiene en cuenta que hace quince a\u00f1os los campos de golf de titularidad y gesti\u00f3n p\u00fablica eran s\u00f3lo tres.<\/p>\n<p>En este tipo de campos se encuentran federadas 39.326 personas, que suponen el 11,8 por ciento del total de licencias en Espa\u00f1a, cifrada en 333.818 a primero de a\u00f1o 2009, cimentando con ello el espectacular proceso de popularizaci\u00f3n experimentado por el golf en los \u00faltimos a\u00f1os.<\/p>\n<p>Por comunidades aut\u00f3nomas, Andaluc\u00eda, con 96, es la que concentra un mayor n\u00famero de campos de golf, seguida de Catalu\u00f1a, con 46, excluyendo de estos datos los campos de tipo r\u00fastico, uno en ambos casos. (Ep)<\/p>\n","protected":false},"excerpt":{"rendered":"<p>El n\u00famero de campos de golf federados en Espa\u00f1a, a 1 de enero de 2009, es de 380, 21 m\u00e1s que en 2008, un incremento significativo si se tiene en cuenta que multiplica por dos la media registrada hasta este momento, cifrada aproximadamente entorno a diez nuevos campos al a\u00f1o&#8230;<\/p>\n","protected":false},"author":5688,"featured_media":0,"parent":0,"menu_order":0,"comment_status":"open","ping_status":"closed","template":"","meta":{"footnotes":""},"class_list":["post-2342","page","type-page","status-publish","hentry"],"_links":{"self":[{"href":"https:\/\/www.golfreportlatino.com\/dev\/index.php?rest_route=\/wp\/v2\/pages\/2342"}],"collection":[{"href":"https:\/\/www.golfreportlatino.com\/dev\/index.php?rest_route=\/wp\/v2\/pages"}],"about":[{"href":"https:\/\/www.golfreportlatino.com\/dev\/index.php?rest_route=\/wp\/v2\/types\/page"}],"author":[{"embeddable":true,"href":"https:\/\/www.golfreportlatino.com\/dev\/index.php?rest_route=\/wp\/v2\/users\/5688"}],"replies":[{"embeddable":true,"href":"https:\/\/www.golfreportlatino.com\/dev\/index.php?rest_route=%2Fwp%2Fv2%2Fcomments&post=2342"}],"version-history":[{"count":2,"href":"https:\/\/www.golfreportlatino.com\/dev\/index.php?rest_route=\/wp\/v2\/pages\/2342\/revisions"}],"predecessor-version":[{"id":2344,"href":"https:\/\/www.golfreportlatino.com\/dev\/index.php?rest_route=\/wp\/v2\/pages\/2342\/revisions\/2344"}],"wp:attachment":[{"href":"https:\/\/www.golfreportlatino.com\/dev\/index.php?rest_route=%2Fwp%2Fv2%2Fmedia&parent=2342"}],"curies":[{"name":"wp","href":"https:\/\/api.w.org\/{rel}","templated":true}]}}