{"id":2610,"date":"2009-01-19T16:06:00","date_gmt":"2009-01-19T20:36:00","guid":{"rendered":"http:\/\/www.golfreportlatino.com\/dev\/?page_id=2610"},"modified":"2009-01-19T16:17:19","modified_gmt":"2009-01-19T20:47:19","slug":"golf-de-salon-y-virtual","status":"publish","type":"page","link":"https:\/\/www.golfreportlatino.com\/dev\/?page_id=2610","title":{"rendered":"Golf de sal\u00f3n y Virtual"},"content":{"rendered":"<p><img loading=\"lazy\" decoding=\"async\" class=\"alignleft\" style=\"border: 1px solid black; margin: 15px;\" title=\"cabina_1.jpg\" src=\"\/dev\/wp-content\/uploads\/cabina_1.jpg\" border=\"1\" alt=\"cabina_1.jpg\" hspace=\"15\" vspace=\"15\" width=\"200\" height=\"150\" align=\"left\" \/>Madrid.- El fr\u00edo, la nieve y la lluvia ya no son excusa para no jugar al golf. Madrid cuenta desde hace un Par de meses con el primer Golf Indoor de Espa\u00f1a. Daily Golf re\u00fane en 700 metros cuadrados 10 simuladores que trasladan al jugador a cualquier Campo del mundo.<\/p>\n<p>El Parque Empresarial de Las Rozas se ha convertido en una m\u00e1quina transportadora que traslada a todo el que la enciende a los lugares m\u00e1s emblem\u00e1ticos del golf mundial. Daily Golf es la primera experiencia en Espa\u00f1a de Golf Interior, es decir, la opci\u00f3n de jugar al golf en un sal\u00f3n gracias a los simuladores que reflejan con bastante similitud la realidad, una modalidad de golf que ya se ha puesto en marcha en otros pa\u00edses europeos y asi\u00e1ticos.<\/p>\n<p>Todos hemos visto alguna vez c\u00f3mo Fernando Alonso entrena en simuladores los circuitos de la Formula 1. La realidad con que reflejan los recorridos es tal, que un juego sirve para habituarse al trazado. Carmen Jim\u00e9nez, directora de Daily Golf se muestra ilusionada con la experiencia. \u00abAqu\u00ed se puede venir a jugar cualquier campo del mundo sin necesidad de preocuparse de si nieva o hace mucho fr\u00edo o mucho calor con un alto grado de realidad \u00ab.<\/p>\n<p>El centro est\u00e1 preparado para disfrutar del golf. M\u00e1s de 70 campos de todo el mundo, entre los que destacan los m\u00edticos de Augusta, St Andrews, Carnoustie o Celtic Manor, est\u00e1n listos para que cualquiera se enfrente a ellos de la manera m\u00e1s realista posible. El visitante puede llevar sus propios palos o alquilar un juego completo, y se pueden jugar 9 \u00f3 18 hoyos. Adem\u00e1s existe tambi\u00e9n la posibilidad de dar bolas en un simulador de cancha de pr\u00e1cticas que cuenta con la particularidad de que por cada Golpe la pantalla ofrece informaci\u00f3n de sumo inter\u00e9s, como el lugar de golpeo en la cara del palo, o la trayectoria del palo en el Swing hacia la bola. Todos los golpes se pueden orientar y efectuar con el palo que se elija, aunque la m\u00e1quina siempre aconseja.<\/p>\n<p>Los escenarios est\u00e1n reflejados al detalle, con todo tipo de obst\u00e1culos y desde el primer Hoyo, el jugador ya<img loading=\"lazy\" decoding=\"async\" class=\"alignright\" style=\"border: 1px solid black; margin: 15px;\" title=\"cabina_putt.jpg\" src=\"\/dev\/wp-content\/uploads\/cabina_putt.jpg\" border=\"1\" alt=\"cabina_putt.jpg\" hspace=\"15\" vspace=\"15\" width=\"200\" height=\"150\" align=\"right\" \/> se ha trasladado al destino elegido. El golpeo contra la pantalla hace funcionar la m\u00e1quina que desarrolla el recorrido de la bola calculando la distancia y la colocaci\u00f3n. La idea est\u00e1 funcionando de maravilla. Ya ha habido retos entre diferentes grupos que han acudido a jugar partidas en los campos m\u00e1s admirados. El horario del centro es de 8 de la ma\u00f1ana a 10 de la noche. Una cafeter\u00eda y diferentes sof\u00e1s ayudan a contemplar las partidas o relajarse entre golpe y golpe, algo que hace muy acogedor este centro.<\/p>\n<p>Constanza Jim\u00e9nez, directora de m\u00e1rketing tiene muy claro el concepto de Daily Golf. \u00abEs un lugar en el que se est\u00e1 c\u00f3modo, con mucha luz y donde se puede disfrutar del golf\u00bb. Como no pod\u00eda ser de otra manera, el centro cuenta con un apartado de clases donde varios profesores se ayudan de las m\u00e1quinas para ense\u00f1ar. Destaca el an\u00e1lisis de putt, en el que se detallan todo tipo de movimientos y defectos que se deben evitar en cada caso.<\/p>\n<p>En estos d\u00edas de grandes nevadas en toda Espa\u00f1a, el golf interior cobra vida y el mundo virtual se convierte en realidad mediante un simple bot\u00f3n. Eso s\u00ed, como en todo, los buenos jugadores de sal\u00f3n deben demostrar tarde o temprano su buen estilo entre cuatro paredes.<\/p>\n","protected":false},"excerpt":{"rendered":"<p>Madrid.- El fr\u00edo, la nieve y la lluvia ya no son excusa para no jugar al golf. Madrid cuenta desde hace un Par de meses con el primer Golf Indoor de Espa\u00f1a. Daily Golf re\u00fane en 700 metros cuadrados 10 simuladores que trasladan al jugador a cualquier Campo del mundo&#8230;.<\/p>\n","protected":false},"author":5688,"featured_media":0,"parent":0,"menu_order":0,"comment_status":"open","ping_status":"closed","template":"","meta":{"footnotes":""},"class_list":["post-2610","page","type-page","status-publish","hentry"],"_links":{"self":[{"href":"https:\/\/www.golfreportlatino.com\/dev\/index.php?rest_route=\/wp\/v2\/pages\/2610"}],"collection":[{"href":"https:\/\/www.golfreportlatino.com\/dev\/index.php?rest_route=\/wp\/v2\/pages"}],"about":[{"href":"https:\/\/www.golfreportlatino.com\/dev\/index.php?rest_route=\/wp\/v2\/types\/page"}],"author":[{"embeddable":true,"href":"https:\/\/www.golfreportlatino.com\/dev\/index.php?rest_route=\/wp\/v2\/users\/5688"}],"replies":[{"embeddable":true,"href":"https:\/\/www.golfreportlatino.com\/dev\/index.php?rest_route=%2Fwp%2Fv2%2Fcomments&post=2610"}],"version-history":[{"count":3,"href":"https:\/\/www.golfreportlatino.com\/dev\/index.php?rest_route=\/wp\/v2\/pages\/2610\/revisions"}],"predecessor-version":[{"id":2612,"href":"https:\/\/www.golfreportlatino.com\/dev\/index.php?rest_route=\/wp\/v2\/pages\/2610\/revisions\/2612"}],"wp:attachment":[{"href":"https:\/\/www.golfreportlatino.com\/dev\/index.php?rest_route=%2Fwp%2Fv2%2Fmedia&parent=2610"}],"curies":[{"name":"wp","href":"https:\/\/api.w.org\/{rel}","templated":true}]}}