{"id":4180,"date":"2009-03-19T10:10:50","date_gmt":"2009-03-19T14:40:50","guid":{"rendered":"http:\/\/www.golfreportlatino.com\/dev\/?page_id=4180"},"modified":"2009-03-19T10:23:28","modified_gmt":"2009-03-19T14:53:28","slug":"pga-de-colombia","status":"publish","type":"page","link":"https:\/\/www.golfreportlatino.com\/dev\/?page_id=4180","title":{"rendered":"PGA de Colombia"},"content":{"rendered":"<p style=\"text-align: justify;\"><strong>PGA Colombia &#8211; Medio Siglo de Historia<\/strong><\/p>\n<p style=\"text-align: center;\"><a href=\"https:\/\/www.golfreportlatino.com\/dev\/wp-content\/uploads\/2009\/03\/colombia-campos.jpg\"><img loading=\"lazy\" decoding=\"async\" class=\"size-full wp-image-4183 aligncenter\" style=\"margin-top: 12px; margin-bottom: 12px;\" title=\"colombia-campos\" src=\"https:\/\/www.golfreportlatino.com\/dev\/wp-content\/uploads\/2009\/03\/colombia-campos.jpg\" alt=\"\" width=\"400\" height=\"304\" srcset=\"https:\/\/www.golfreportlatino.com\/dev\/wp-content\/uploads\/2009\/03\/colombia-campos.jpg 400w, https:\/\/www.golfreportlatino.com\/dev\/wp-content\/uploads\/2009\/03\/colombia-campos-300x228.jpg 300w\" sizes=\"(max-width: 400px) 100vw, 400px\" \/><\/a><\/p>\n<p>La PGA, Profesional Golf Asociation, tiene presencia en casi todos los pa\u00edses del mundo y a ella pertenecen \u00fanicamente los jugadores de golf profesionales. En Colombia aparece la primera Asociaci\u00f3n de Profesionales de Golf en 1956, gracias a la iniciativa del maestro argentino Miguel J. Sala, quien la presidi\u00f3 por m\u00e1s de 10 a\u00f1os con el respaldo de los primeros jugadores profesionales de golf colombianos.<\/p>\n<p style=\"text-align: justify;\">Fue hace m\u00e1s de 50 a\u00f1os, eran muchachos que apenas comenzaban a vivir y el golf los cautiv\u00f3 por necesidad, por sorpresa o por curiosidad. Por esa \u00e9poca, a mediados del siglo pasado, la historia colombiana registraba la agitaci\u00f3n pol\u00edtica producto del famoso \u00abGaitanazo\u00bb o grandes acontecimientos como la llegada de la televisi\u00f3n al pa\u00eds.<\/p>\n<p style=\"text-align: justify;\">Pero si se hablaba de golf, la referencia obligada era el grupo de profesores argentinos que durante varios a\u00f1os comand\u00f3 la afici\u00f3n nacional por el juego y el liderazgo profesional en cuanta competencia exist\u00eda en esos tiempos.<\/p>\n<p style=\"text-align: justify;\">Y fue uno de esos grandes maestros argentinos, el profesor Alberto Serra -contratado en 1943 por el Country Club de Bogot\u00e1- a quien luego de 8 a\u00f1os de estad\u00eda en el pa\u00eds se le ocurri\u00f3 el brillante experimento de formar a los primeros jugadores profesionales de golf colombianos.<\/p>\n<p style=\"text-align: justify;\">El experimento funcion\u00f3 a la perfecci\u00f3n y es as\u00ed como, en 1952, hacen su debut en las canchas de Bogot\u00e1, Cali y Medell\u00edn los profesionales Alvaro Tula, Julio Hern\u00e1ndez, Rafael Barahona, Luis Ar\u00e9valo, Julio Polan\u00eda, Alfonso Boh\u00f3rquez y Jaime Victorino.<\/p>\n<p style=\"text-align: justify;\">Ellos fueron la base del golf profesional en el pa\u00eds y se convirtieron en los primeros profesionales colombianos en conquistar triunfos en el extranjero. Su pasi\u00f3n por el golf era evidente y la preocupaci\u00f3n por fortalecer el golf profesional se uni\u00f3 a la de una de las grandes glorias de este deporte, Miguel J. Sala, creador de la PGA en Colombia.<\/p>\n<p style=\"text-align: justify;\">Cabe destacar tambi\u00e9n a profesionales como Juan Pinz\u00f3n, Alfonso Boh\u00f3rquez, Alberto Rivadeneira y Rogelio Gonz\u00e1lez, quienes han superado 120 triunfos nacionales e internacionales; as\u00ed como a los \u00eddolos actuales Gustavo Mendoza, Jes\u00fas Amaya, Jos\u00e9 M. Garrido, Daniel Merizalde, Mario J. Hurtado, Diego Vanegas, Rigoberto velasquez, Ivan Renjifo, \u00c1ngel Romero y Diego Serna, jugadores que han liderado el ranking nacional de la \u00faltima d\u00e9cada; as\u00ed como a Eduardo Herrera y Marisa Baena, colombianos que han estado presentes en el PGA Tour y LPGA.<\/p>\n<p style=\"text-align: justify;\">Actualmente la PGA Colombia registra un crecimiento s\u00f3lido y permanente en cuanto a la calidad y cantidad de sus asociados. De esta manera la Asociaci\u00f3n cuenta con m\u00e1s de 200 socios activos, entre jugadores e instructores profesionales, sin contar un promedio anual de m\u00e1s de 300 auxiliares de instructor y aspirantes al t\u00edtulo de profesional.<\/p>\n<p style=\"text-align: justify;\">ASI LLEGA EL GOLF A COLOMBIA<\/p>\n<p style=\"text-align: justify;\">En Colombia el golf hace su aparici\u00f3n en el a\u00f1o de 1917 en el Country Club de Bogot\u00e1, gracias a dos de sus fundadores, don Joaqu\u00edn Samper y don Carlos A. Vengoechea, quienes importaron de Europa este deporte e invadieron su afici\u00f3n entre amigos y vecinos.<\/p>\n<p style=\"text-align: justify;\">\u00abEllos escogieron unos potreros situados debajo de la l\u00ednea del Ferrocarril del Norte de Bogot\u00e1 entre las calles 49 y 51. All\u00ed jugaban todos los domingos por la carrilera y utilizaban como bunkers la banca del ferrocarril\u00bb recuerda el ex Presidente Alfonso L\u00f3pez Michelsen.<\/p>\n<p style=\"text-align: justify;\">En 1921 el Country Club decide traer de Escocia a los primeros profesionales, los se\u00f1ores Thomas Trendall y Frank Apleby, quienes adem\u00e1s de encontrar una nutrida afici\u00f3n se enamoraron del pa\u00eds y se quedaron. Es a partir de este momento que comienza la era profesional del golf en Colombia.<\/p>\n<p style=\"text-align: justify;\">OBJETIVOS DE LA PGA COLOMBIA<\/p>\n<p style=\"text-align: justify;\">Uno de los principios que orienta las actividades de la PGA Colombia es el de elevar la categor\u00eda del Profesional de Golf a la posici\u00f3n que se merece, pues cuanto m\u00e1s fuerte, m\u00e1s organizada y mayor calidad tenga la rama profesional, mejor ser\u00e1 la pr\u00e1ctica de este deporte en el pa\u00eds.<\/p>\n<p style=\"text-align: justify;\">Por eso este a\u00f1o la PGA Colombia ha iniciado un importante proceso de cambio para la historia del golf en el pa\u00eds, mediante el cual busca estimular la afici\u00f3n del juego en todo el territorio colombiano y promover la vocaci\u00f3n profesional a trav\u00e9s de su pr\u00e1ctica masiva y calificada.<\/p>\n<p style=\"text-align: justify;\">As\u00ed mismo trabaja en la b\u00fasqueda de diferentes escenarios para estrechar los v\u00ednculos de amistad y conocimiento entre golfistas aficionados y profesionales, as\u00ed como la participaci\u00f3n permanente en programas y actividades del deporte organizado y del plan nacional del deporte, la recreaci\u00f3n y la educaci\u00f3n f\u00edsica.<\/p>\n<p style=\"text-align: justify;\">Para lograrlo se ha dise\u00f1ado un calendario anual de importantes eventos que comprenden los Campeonatos Copa PGA, Pro Ams Invitacionales, Cl\u00ednicas, Mini Giras, Torneos Regionales, la Escuela Clasificatoria, el Campeonato Nacional y la Clasificaci\u00f3n a la Copa Mundo.<\/p>\n<p style=\"text-align: justify;\">Otro valioso aporte de la Asociaci\u00f3n al crecimiento y dignificaci\u00f3n del golf en el pa\u00eds es la creaci\u00f3n del Programa Acad\u00e9mico PGA Colombia, pues por primera vez los socios y las personas vinculadas al golf cuentan con un programa de estudio, capacitaci\u00f3n y especializaci\u00f3n permanente en este deporte.<\/p>\n<p style=\"text-align: justify;\">A\u00d1O 2000&#8230; EL GOLF SE PONE DE MODA EN COLOMBIA<\/p>\n<p style=\"text-align: justify;\">Para nadie es un secreto que la popularidad y masificaci\u00f3n del golf es un fen\u00f3meno a nivel mundial que cada d\u00eda atrae a m\u00e1s p\u00fablico de todos los estratos sociales. Colombia no es ajena a este fen\u00f3meno y hoy en d\u00eda cualquier persona puede aprender y practicar el golf con facilidad log\u00edstica y econ\u00f3mica y sin necesidad de pertenecer a un club determinado.<\/p>\n<p style=\"text-align: justify;\">Es por eso que la PGA Colombia quiere invitarlo a formar parte de la gran familia del golf, pues en nuestro pa\u00eds existen tantas y tales fortalezas que permiten asegurar que el golf se empieza a poner de moda.<\/p>\n<p style=\"text-align: justify;\">Por citar algunos ejemplos, hoy juegan m\u00e1s de 30.000 golfistas entre aficionados y profesionales, existe alrededor de 5000 ni\u00f1os hasta los 12 a\u00f1os que practican este deporte, se cuenta con 47 canchas de excelente nivel y, en los \u00faltimos 30 a\u00f1os, los campos de golf han aumentado 7 veces.<\/p>\n<p style=\"text-align: justify;\">As\u00ed mismo se ha registrado un aumento en el staff de la PGA Colombia gracias a la demanda permanente de instructores profesionales para su ense\u00f1anza y pr\u00e1ctica calificada y la Asociaci\u00f3n mantiene excelente relaci\u00f3n con los clubes y con la Federaci\u00f3n Colombiana de Golf.<\/p>\n<p style=\"text-align: justify;\">Lo anterior si contar con que en la actualidad existe f\u00e1cil acceso a las canchas de golf, los costos de los equipos, implementos y derechos de juego son bajos, no es necesario ser socio de un club para poder jugar y hay un gran crecimiento en el n\u00famero de academias para su aprendizaje.<\/p>\n<p style=\"text-align: justify;\">JUGADORES COLOMBIANOS QUE CONQUISTAN EL MUNDO<\/p>\n<p style=\"text-align: justify;\">Las cifras no mienten: en los \u00faltimos 10 a\u00f1os Colombia ha registrado m\u00e1s de 50 reconocimientos, triunfos y conquistas en importantes torneos internacionales de golf. Cifras que demuestran el alto nivel de competencia de nuestros jugadores profesionales y aficionados.<\/p>\n<p style=\"text-align: justify;\">&#8211; Eduardo Herrera y Mar\u00eda Isabel Baena pertenecen a la PGA y LPGA<br \/>\n&#8211; Eduardo Herrera campe\u00f3n mundial aficionado de la Copa Eisenhower.<br \/>\n&#8211; Mar\u00eda Isabel Baena, Mejor Jugadora Universitaria en los Estados Unidos por la Universidad de Arizona.<br \/>\n&#8211; Actualmente hay asignadas 40 becas en universidades de primer nivel en los Estados Unidos a j\u00f3venes jugadores colombianos.<br \/>\n&#8211; Camilo Villegas, estudiante colombiano de la Universidad de Miami &#8211; Florida Gators, fue el mejor jugador universitario de los Estados Unidos.<br \/>\n&#8211; Jes\u00fas Amaya y \u00c1ngel Romero ganadores del Tour de las Am\u00e9ricas temporada 2001 &#8211; 2002.\n<\/p>\n<p style=\"text-align: justify;\">\n","protected":false},"excerpt":{"rendered":"<p>PGA Colombia &#8211; Medio Siglo de Historia La PGA, Profesional Golf Asociation, tiene presencia en casi todos los pa\u00edses del mundo y a ella pertenecen \u00fanicamente los jugadores de golf profesionales. En Colombia aparece la primera Asociaci\u00f3n de Profesionales de Golf en 1956, gracias a la iniciativa del maestro argentino&#8230;<\/p>\n","protected":false},"author":5688,"featured_media":0,"parent":0,"menu_order":0,"comment_status":"open","ping_status":"closed","template":"","meta":{"footnotes":""},"class_list":["post-4180","page","type-page","status-publish","hentry"],"_links":{"self":[{"href":"https:\/\/www.golfreportlatino.com\/dev\/index.php?rest_route=\/wp\/v2\/pages\/4180"}],"collection":[{"href":"https:\/\/www.golfreportlatino.com\/dev\/index.php?rest_route=\/wp\/v2\/pages"}],"about":[{"href":"https:\/\/www.golfreportlatino.com\/dev\/index.php?rest_route=\/wp\/v2\/types\/page"}],"author":[{"embeddable":true,"href":"https:\/\/www.golfreportlatino.com\/dev\/index.php?rest_route=\/wp\/v2\/users\/5688"}],"replies":[{"embeddable":true,"href":"https:\/\/www.golfreportlatino.com\/dev\/index.php?rest_route=%2Fwp%2Fv2%2Fcomments&post=4180"}],"version-history":[{"count":5,"href":"https:\/\/www.golfreportlatino.com\/dev\/index.php?rest_route=\/wp\/v2\/pages\/4180\/revisions"}],"predecessor-version":[{"id":4185,"href":"https:\/\/www.golfreportlatino.com\/dev\/index.php?rest_route=\/wp\/v2\/pages\/4180\/revisions\/4185"}],"wp:attachment":[{"href":"https:\/\/www.golfreportlatino.com\/dev\/index.php?rest_route=%2Fwp%2Fv2%2Fmedia&parent=4180"}],"curies":[{"name":"wp","href":"https:\/\/api.w.org\/{rel}","templated":true}]}}