{"id":5730,"date":"2009-05-26T10:55:32","date_gmt":"2009-05-26T15:25:32","guid":{"rendered":"http:\/\/www.golfreportlatino.com\/dev\/?page_id=5730"},"modified":"2009-05-29T19:19:58","modified_gmt":"2009-05-29T23:49:58","slug":"capcana-2009","status":"publish","type":"page","link":"https:\/\/www.golfreportlatino.com\/dev\/?page_id=5730","title":{"rendered":"Capcana 2009"},"content":{"rendered":"<p style=\"text-align: center;\"><a href=\"https:\/\/www.golfreportlatino.com\/dev\/wp-content\/uploads\/2009\/05\/capcana-2009-red.jpg\"><img loading=\"lazy\" decoding=\"async\" class=\"size-full wp-image-5741 aligncenter\" style=\"border: 1px solid black; margin-top: 12px; margin-bottom: 12px;\" title=\"capcana-2009-red\" src=\"https:\/\/www.golfreportlatino.com\/dev\/wp-content\/uploads\/2009\/05\/capcana-2009-red.jpg\" alt=\"\" width=\"425\" height=\"610\" srcset=\"https:\/\/www.golfreportlatino.com\/dev\/wp-content\/uploads\/2009\/05\/capcana-2009-red.jpg 425w, https:\/\/www.golfreportlatino.com\/dev\/wp-content\/uploads\/2009\/05\/capcana-2009-red-209x300.jpg 209w\" sizes=\"(max-width: 425px) 100vw, 425px\" \/><\/a><\/p>\n<h4 style=\"text-align: center;\">TARIFAS<\/h4>\n<p style=\"text-align: center;\"><strong>Hotel Paradisus Palma Real *****<\/strong><br \/>\nTarifa por persona en $ (Golfistas Amateurs)<br \/>\nDel 23 al 26 de Julio.\n<\/p>\n<p style=\"text-align: center;\">Plan de 3 noches<\/p>\n<p style=\"text-align: center;\">Sencilla: $ 1.685<\/p>\n<p style=\"text-align: center;\">Doble:\u00a0 $ 1.445<\/p>\n<p style=\"text-align: center;\">Triple:\u00a0 $ 1.395<\/p>\n<p style=\"text-align: center;\">Chl 5 a 11 a \u00a0 $\u00a0 1.085<\/p>\n<p style=\"text-align: center;\">\n<p style=\"text-align: center;\"><strong>Hotel Paradisus Palma Real *****<\/strong><br \/>\nTarifa por persona en $ (No Golfistas)<br \/>\nDel 23 al 26 de Julio.\n<\/p>\n<p style=\"text-align: center;\">Plan de 3 noches<\/p>\n<p style=\"text-align: center;\">Sencilla: $ 1.080<\/p>\n<p style=\"text-align: center;\">Doble:\u00a0 $ 840<\/p>\n<p style=\"text-align: center;\">Triple:\u00a0 $ 790<\/p>\n<p style=\"text-align: center;\">Chl 5 a 11 a \u00a0 $ 535<\/p>\n<p style=\"text-align: center;\">Chld 2 a 4 a:\u00a0 $240<\/p>\n<p style=\"text-align: center;\">\n<p style=\"text-align: justify;\">I<strong>ncluye:<\/strong><br \/>\n+ Todas las comidas incluidas (Desayuno, almuerzo y cenas)<br \/>\n+ Alojamiento por  3 noches en habitaciones Deluxe.<br \/>\n+ Traslado Aeropuerto de Punta Cana \/ Hotel Paradisus Palma Real \/ Aeropuerto de Punta Cana<br \/>\n+ Bebidas alcoh\u00f3licas Premium Nacionales e Internacionales.<br \/>\n+ 24 hours de Room Service.<br \/>\n+ Selecci\u00f3n de la lista de Vinos Internacionales, en nuestros restaurantes a la carta.<br \/>\n+ Vinos espumosos incluidos en todos los bares y restaurantes<br \/>\n+ 03 green fee en la Cancha de golf de Punta Espada (Cap Cana) 01 Ronda de pr\u00e1ctica y 02 rondas de Torneo.  Incluye: Carrito de golf, caddy, bolas de pr\u00e1ctica, yardage book, dos botellas de agua por ronda (s\u00f3lo para golfistas).<br \/>\n+ Traslados entre el Hotel Paradisus Palma Real y el Campo de golf durante la realizaci\u00f3n del evento (s\u00f3lo para golfistas).<br \/>\n+ Premiaci\u00f3n del torneo, en el Hotel Paradisus Palma Real, con bebidas, m\u00fasica y comida.<br \/>\n+ Tarjeta de asistencia m\u00e9dica \u00abAssis-card\u00bb.<br \/>\n+ Asistencia por parte del personal de TURASER, durante todo el evento.<br \/>\n+ Deportes acu\u00e1ticos no motorizados incluidos.<br \/>\n+ Cuatro canchas de tenis y una gran piscina tipo lago.<br \/>\n+ Incluido maletero a la llegada y a la salida.<br \/>\n+ Impuestos Hoteleros.<\/p>\n<p style=\"text-align: justify;\"><strong>No Incluye<\/strong><br \/>\n&#8211; Boleto Caracas\/Punta Cana\/Caracas Bs. F 2.500,00 p\/p<br \/>\n&#8211; Impuesto del Boleto Caracas\/Punta Cana\/Caraca Bs. 190,00<br \/>\n&#8211; Impuesto de salida de Venezuela Bs. 247.50 por  persona.\n<\/p>\n<p style=\"text-align: justify;\">&#8211; Impuesto de entrada y salida de Punta Cana US$ 30,00 por persona.<\/p>\n<p style=\"text-align: justify;\">&#8211; IVA.<\/p>\n<p style=\"text-align: justify;\">\n<p style=\"text-align: justify;\"><a href=\"https:\/\/www.golfreportlatino.com\/dev\/wp-content\/uploads\/2009\/05\/turaser1.bmp\"><img loading=\"lazy\" decoding=\"async\" class=\"alignleft size-medium wp-image-5752\" title=\"turaser1\" src=\"https:\/\/www.golfreportlatino.com\/dev\/wp-content\/uploads\/2009\/05\/turaser1.bmp\" alt=\"\" width=\"130\" height=\"39\" \/><\/a><\/p>\n<p style=\"text-align: justify;\">\n<p style=\"text-align: justify;\">\n<p style=\"text-align: justify;\">Caracas: Av. Santa Lucia, Torre Credicard,<br \/>\nPiso 7, Ofic.75. El Bosque (detr\u00e1s de Beco Chacaito).<br \/>\nTelfs. 0212-9520019 (master) &#8211; 9521256\/0790\/1981<br \/>\n1336\/0017\/7750. Faxs. 0212-9540275 &#8211; 9535046.<br \/>\ne-mail: ysanz@turaser.com\u00a0 y\u00a0 aleduar@turaser.com<\/p>\n<p><!--[if gte mso 9]><xml> <w :WordDocument> <\/w><w :View>Normal<\/w> <w :Zoom>0<\/w> <w :TrackMoves \/> <w :TrackFormatting \/> <w :HyphenationZone>21<\/w> <w :PunctuationKerning \/> <w :ValidateAgainstSchemas \/> <w :SaveIfXMLInvalid>false<\/w> <w :IgnoreMixedContent>false<\/w> <w :AlwaysShowPlaceholderText>false<\/w> <w :DoNotPromoteQF \/> <w :LidThemeOther>ES-VE<\/w> <w :LidThemeAsian>X-NONE<\/w> <w :LidThemeComplexScript>X-NONE<\/w> <w :Compatibility> <w :BreakWrappedTables \/> <w :SnapToGridInCell \/> <w :WrapTextWithPunct \/> <w :UseAsianBreakRules \/> <w :DontGrowAutofit \/> <w :SplitPgBreakAndParaMark \/> <w :DontVertAlignCellWithSp \/> <w :DontBreakConstrainedForcedTables \/> <w :DontVertAlignInTxbx \/> <w :Word11KerningPairs \/> <w :CachedColBalance \/> <\/w> <w :BrowserLevel>MicrosoftInternetExplorer4<\/w> <m :mathPr> <m :mathFont m:val=\"Cambria Math\" \/> <m :brkBin m:val=\"before\" \/> <m :brkBinSub m:val=\"&#45;-\" \/> <m :smallFrac m:val=\"off\" \/> <m :dispDef \/> <m :lMargin m:val=\"0\" \/> <m :rMargin m:val=\"0\" \/> <m :defJc m:val=\"centerGroup\" \/> <m :wrapIndent m:val=\"1440\" \/> <m :intLim m:val=\"subSup\" \/> <m :naryLim m:val=\"undOvr\" \/> <\/m> <\/xml>< ![endif]--><!--[if gte mso 9]><xml> <w :LatentStyles DefLockedState=\"false\" DefUnhideWhenUsed=\"true\"   DefSemiHidden=\"true\" DefQFormat=\"false\" DefPriority=\"99\"   LatentStyleCount=\"267\"> <w :LsdException Locked=\"false\" Priority=\"0\" SemiHidden=\"false\"    UnhideWhenUsed=\"false\" QFormat=\"true\" Name=\"Normal\" \/> <w :LsdException Locked=\"false\" Priority=\"9\" SemiHidden=\"false\"    UnhideWhenUsed=\"false\" QFormat=\"true\" Name=\"heading 1\" \/> <w :LsdException Locked=\"false\" Priority=\"9\" QFormat=\"true\" Name=\"heading 2\" \/> <w :LsdException Locked=\"false\" Priority=\"9\" QFormat=\"true\" Name=\"heading 3\" \/> <w :LsdException Locked=\"false\" Priority=\"9\" QFormat=\"true\" Name=\"heading 4\" \/> <w :LsdException Locked=\"false\" Priority=\"9\" QFormat=\"true\" Name=\"heading 5\" \/> <w :LsdException Locked=\"false\" Priority=\"9\" QFormat=\"true\" Name=\"heading 6\" \/> <w :LsdException Locked=\"false\" Priority=\"9\" QFormat=\"true\" Name=\"heading 7\" \/> <w :LsdException Locked=\"false\" Priority=\"9\" QFormat=\"true\" Name=\"heading 8\" \/> <w :LsdException Locked=\"false\" Priority=\"9\" QFormat=\"true\" Name=\"heading 9\" \/> <w :LsdException Locked=\"false\" Priority=\"39\" Name=\"toc 1\" \/> <w :LsdException Locked=\"false\" Priority=\"39\" Name=\"toc 2\" \/> <w :LsdException Locked=\"false\" Priority=\"39\" Name=\"toc 3\" \/> <w :LsdException Locked=\"false\" Priority=\"39\" Name=\"toc 4\" \/> <w :LsdException Locked=\"false\" Priority=\"39\" Name=\"toc 5\" \/> <w :LsdException Locked=\"false\" Priority=\"39\" Name=\"toc 6\" \/> <w :LsdException Locked=\"false\" Priority=\"39\" Name=\"toc 7\" \/> <w :LsdException Locked=\"false\" Priority=\"39\" Name=\"toc 8\" \/> <w :LsdException Locked=\"false\" Priority=\"39\" Name=\"toc 9\" \/> <w :LsdException Locked=\"false\" Priority=\"0\" Name=\"footer\" \/> <w :LsdException Locked=\"false\" Priority=\"35\" QFormat=\"true\" Name=\"caption\" \/> <w :LsdException Locked=\"false\" Priority=\"10\" SemiHidden=\"false\"    UnhideWhenUsed=\"false\" QFormat=\"true\" Name=\"Title\" \/> <w :LsdException Locked=\"false\" Priority=\"1\" Name=\"Default Paragraph Font\" \/> <w :LsdException Locked=\"false\" Priority=\"0\" Name=\"Body Text\" \/> <w :LsdException Locked=\"false\" Priority=\"11\" SemiHidden=\"false\"    UnhideWhenUsed=\"false\" QFormat=\"true\" Name=\"Subtitle\" \/> <w :LsdException Locked=\"false\" Priority=\"0\" Name=\"Hyperlink\" \/> <w :LsdException Locked=\"false\" Priority=\"22\" SemiHidden=\"false\"    UnhideWhenUsed=\"false\" QFormat=\"true\" Name=\"Strong\" \/> <w :LsdException Locked=\"false\" Priority=\"20\" SemiHidden=\"false\"    UnhideWhenUsed=\"false\" QFormat=\"true\" Name=\"Emphasis\" \/> <w :LsdException Locked=\"false\" Priority=\"59\" SemiHidden=\"false\"    UnhideWhenUsed=\"false\" Name=\"Table Grid\" \/> <w :LsdException Locked=\"false\" UnhideWhenUsed=\"false\" Name=\"Placeholder Text\" \/> <w :LsdException Locked=\"false\" Priority=\"1\" SemiHidden=\"false\"    UnhideWhenUsed=\"false\" QFormat=\"true\" Name=\"No Spacing\" \/> <w :LsdException Locked=\"false\" Priority=\"60\" SemiHidden=\"false\"    UnhideWhenUsed=\"false\" Name=\"Light Shading\" \/> <w :LsdException Locked=\"false\" Priority=\"61\" SemiHidden=\"false\"    UnhideWhenUsed=\"false\" Name=\"Light List\" \/> <w :LsdException Locked=\"false\" Priority=\"62\" SemiHidden=\"false\"    UnhideWhenUsed=\"false\" Name=\"Light Grid\" \/> <w :LsdException Locked=\"false\" Priority=\"63\" SemiHidden=\"false\"    UnhideWhenUsed=\"false\" Name=\"Medium Shading 1\" \/> <w :LsdException Locked=\"false\" Priority=\"64\" SemiHidden=\"false\"    UnhideWhenUsed=\"false\" Name=\"Medium Shading 2\" \/> <w :LsdException Locked=\"false\" Priority=\"65\" SemiHidden=\"false\"    UnhideWhenUsed=\"false\" Name=\"Medium List 1\" \/> <w :LsdException Locked=\"false\" Priority=\"66\" SemiHidden=\"false\"    UnhideWhenUsed=\"false\" Name=\"Medium List 2\" \/> <w :LsdException Locked=\"false\" Priority=\"67\" SemiHidden=\"false\"    UnhideWhenUsed=\"false\" Name=\"Medium Grid 1\" \/> <w :LsdException Locked=\"false\" Priority=\"68\" SemiHidden=\"false\"    UnhideWhenUsed=\"false\" Name=\"Medium Grid 2\" \/> <w :LsdException Locked=\"false\" Priority=\"69\" SemiHidden=\"false\"    UnhideWhenUsed=\"false\" Name=\"Medium Grid 3\" \/> <w :LsdException Locked=\"false\" Priority=\"70\" SemiHidden=\"false\"    UnhideWhenUsed=\"false\" Name=\"Dark List\" \/> <w :LsdException Locked=\"false\" Priority=\"71\" SemiHidden=\"false\"    UnhideWhenUsed=\"false\" Name=\"Colorful Shading\" \/> <w :LsdException Locked=\"false\" Priority=\"72\" SemiHidden=\"false\"    UnhideWhenUsed=\"false\" Name=\"Colorful List\" \/> <w :LsdException Locked=\"false\" Priority=\"73\" SemiHidden=\"false\"    UnhideWhenUsed=\"false\" Name=\"Colorful Grid\" \/> <w :LsdException Locked=\"false\" Priority=\"60\" SemiHidden=\"false\"    UnhideWhenUsed=\"false\" Name=\"Light Shading Accent 1\" \/> <w :LsdException Locked=\"false\" Priority=\"61\" SemiHidden=\"false\"    UnhideWhenUsed=\"false\" Name=\"Light List Accent 1\" \/> <w :LsdException Locked=\"false\" Priority=\"62\" SemiHidden=\"false\"    UnhideWhenUsed=\"false\" Name=\"Light Grid Accent 1\" \/> <w :LsdException Locked=\"false\" Priority=\"63\" SemiHidden=\"false\"    UnhideWhenUsed=\"false\" Name=\"Medium Shading 1 Accent 1\" \/> <w :LsdException Locked=\"false\" Priority=\"64\" SemiHidden=\"false\"    UnhideWhenUsed=\"false\" Name=\"Medium Shading 2 Accent 1\" \/> <w :LsdException Locked=\"false\" Priority=\"65\" SemiHidden=\"false\"    UnhideWhenUsed=\"false\" Name=\"Medium List 1 Accent 1\" \/> <w :LsdException Locked=\"false\" UnhideWhenUsed=\"false\" Name=\"Revision\" \/> <w :LsdException Locked=\"false\" Priority=\"34\" SemiHidden=\"false\"    UnhideWhenUsed=\"false\" QFormat=\"true\" Name=\"List Paragraph\" \/> <w :LsdException Locked=\"false\" Priority=\"29\" SemiHidden=\"false\"    UnhideWhenUsed=\"false\" QFormat=\"true\" Name=\"Quote\" \/> <w :LsdException Locked=\"false\" Priority=\"30\" SemiHidden=\"false\"    UnhideWhenUsed=\"false\" QFormat=\"true\" Name=\"Intense Quote\" \/> <w :LsdException Locked=\"false\" Priority=\"66\" SemiHidden=\"false\"    UnhideWhenUsed=\"false\" Name=\"Medium List 2 Accent 1\" \/> <w :LsdException Locked=\"false\" Priority=\"67\" SemiHidden=\"false\"    UnhideWhenUsed=\"false\" Name=\"Medium Grid 1 Accent 1\" \/> <w :LsdException Locked=\"false\" Priority=\"68\" SemiHidden=\"false\"    UnhideWhenUsed=\"false\" Name=\"Medium Grid 2 Accent 1\" \/> <w :LsdException Locked=\"false\" Priority=\"69\" SemiHidden=\"false\"    UnhideWhenUsed=\"false\" Name=\"Medium Grid 3 Accent 1\" \/> <w :LsdException Locked=\"false\" Priority=\"70\" SemiHidden=\"false\"    UnhideWhenUsed=\"false\" Name=\"Dark List Accent 1\" \/> <w :LsdException Locked=\"false\" Priority=\"71\" SemiHidden=\"false\"    UnhideWhenUsed=\"false\" Name=\"Colorful Shading Accent 1\" \/> <w :LsdException Locked=\"false\" Priority=\"72\" SemiHidden=\"false\"    UnhideWhenUsed=\"false\" Name=\"Colorful List Accent 1\" \/> <w :LsdException Locked=\"false\" Priority=\"73\" SemiHidden=\"false\"    UnhideWhenUsed=\"false\" Name=\"Colorful Grid Accent 1\" \/> <w :LsdException Locked=\"false\" Priority=\"60\" SemiHidden=\"false\"    UnhideWhenUsed=\"false\" Name=\"Light Shading Accent 2\" \/> <w :LsdException Locked=\"false\" Priority=\"61\" SemiHidden=\"false\"    UnhideWhenUsed=\"false\" Name=\"Light List Accent 2\" \/> <w :LsdException Locked=\"false\" Priority=\"62\" SemiHidden=\"false\"    UnhideWhenUsed=\"false\" Name=\"Light Grid Accent 2\" \/> <w :LsdException Locked=\"false\" Priority=\"63\" SemiHidden=\"false\"    UnhideWhenUsed=\"false\" Name=\"Medium Shading 1 Accent 2\" \/> <w :LsdException Locked=\"false\" Priority=\"64\" SemiHidden=\"false\"    UnhideWhenUsed=\"false\" Name=\"Medium Shading 2 Accent 2\" \/> <w :LsdException Locked=\"false\" Priority=\"65\" SemiHidden=\"false\"    UnhideWhenUsed=\"false\" Name=\"Medium List 1 Accent 2\" \/> <w :LsdException Locked=\"false\" Priority=\"66\" SemiHidden=\"false\"    UnhideWhenUsed=\"false\" Name=\"Medium List 2 Accent 2\" \/> <w :LsdException Locked=\"false\" Priority=\"67\" SemiHidden=\"false\"    UnhideWhenUsed=\"false\" Name=\"Medium Grid 1 Accent 2\" \/> <w :LsdException Locked=\"false\" Priority=\"68\" SemiHidden=\"false\"    UnhideWhenUsed=\"false\" Name=\"Medium Grid 2 Accent 2\" \/> <w :LsdException Locked=\"false\" Priority=\"69\" SemiHidden=\"false\"    UnhideWhenUsed=\"false\" Name=\"Medium Grid 3 Accent 2\" \/> <w :LsdException Locked=\"false\" Priority=\"70\" SemiHidden=\"false\"    UnhideWhenUsed=\"false\" Name=\"Dark List Accent 2\" \/> <w :LsdException Locked=\"false\" Priority=\"71\" SemiHidden=\"false\"    UnhideWhenUsed=\"false\" Name=\"Colorful Shading Accent 2\" \/> <w :LsdException Locked=\"false\" Priority=\"72\" SemiHidden=\"false\"    UnhideWhenUsed=\"false\" Name=\"Colorful List Accent 2\" \/> <w :LsdException Locked=\"false\" Priority=\"73\" SemiHidden=\"false\"    UnhideWhenUsed=\"false\" Name=\"Colorful Grid Accent 2\" \/> <w :LsdException Locked=\"false\" Priority=\"60\" SemiHidden=\"false\"    UnhideWhenUsed=\"false\" Name=\"Light Shading Accent 3\" \/> <w :LsdException Locked=\"false\" Priority=\"61\" SemiHidden=\"false\"    UnhideWhenUsed=\"false\" Name=\"Light List Accent 3\" \/> <w :LsdException Locked=\"false\" Priority=\"62\" SemiHidden=\"false\"    UnhideWhenUsed=\"false\" Name=\"Light Grid Accent 3\" \/> <w :LsdException Locked=\"false\" Priority=\"63\" SemiHidden=\"false\"    UnhideWhenUsed=\"false\" Name=\"Medium Shading 1 Accent 3\" \/> <w :LsdException Locked=\"false\" Priority=\"64\" SemiHidden=\"false\"    UnhideWhenUsed=\"false\" Name=\"Medium Shading 2 Accent 3\" \/> <w :LsdException Locked=\"false\" Priority=\"65\" SemiHidden=\"false\"    UnhideWhenUsed=\"false\" Name=\"Medium List 1 Accent 3\" \/> <w :LsdException Locked=\"false\" Priority=\"66\" SemiHidden=\"false\"    UnhideWhenUsed=\"false\" Name=\"Medium List 2 Accent 3\" \/> <w :LsdException Locked=\"false\" Priority=\"67\" SemiHidden=\"false\"    UnhideWhenUsed=\"false\" Name=\"Medium Grid 1 Accent 3\" \/> <w :LsdException Locked=\"false\" Priority=\"68\" SemiHidden=\"false\"    UnhideWhenUsed=\"false\" Name=\"Medium Grid 2 Accent 3\" \/> <w :LsdException Locked=\"false\" Priority=\"69\" SemiHidden=\"false\"    UnhideWhenUsed=\"false\" Name=\"Medium Grid 3 Accent 3\" \/> <w :LsdException Locked=\"false\" Priority=\"70\" SemiHidden=\"false\"    UnhideWhenUsed=\"false\" Name=\"Dark List Accent 3\" \/> <w :LsdException Locked=\"false\" Priority=\"71\" SemiHidden=\"false\"    UnhideWhenUsed=\"false\" Name=\"Colorful Shading Accent 3\" \/> <w :LsdException Locked=\"false\" Priority=\"72\" SemiHidden=\"false\"    UnhideWhenUsed=\"false\" Name=\"Colorful List Accent 3\" \/> <w :LsdException Locked=\"false\" Priority=\"73\" SemiHidden=\"false\"    UnhideWhenUsed=\"false\" Name=\"Colorful Grid Accent 3\" \/> <w :LsdException Locked=\"false\" Priority=\"60\" SemiHidden=\"false\"    UnhideWhenUsed=\"false\" Name=\"Light Shading Accent 4\" \/> <w :LsdException Locked=\"false\" Priority=\"61\" SemiHidden=\"false\"    UnhideWhenUsed=\"false\" Name=\"Light List Accent 4\" \/> <w :LsdException Locked=\"false\" Priority=\"62\" SemiHidden=\"false\"    UnhideWhenUsed=\"false\" Name=\"Light Grid Accent 4\" \/> <w :LsdException Locked=\"false\" Priority=\"63\" SemiHidden=\"false\"    UnhideWhenUsed=\"false\" Name=\"Medium Shading 1 Accent 4\" \/> <w :LsdException Locked=\"false\" Priority=\"64\" SemiHidden=\"false\"    UnhideWhenUsed=\"false\" Name=\"Medium Shading 2 Accent 4\" \/> <w :LsdException Locked=\"false\" Priority=\"65\" SemiHidden=\"false\"    UnhideWhenUsed=\"false\" Name=\"Medium List 1 Accent 4\" \/> <w :LsdException Locked=\"false\" Priority=\"66\" SemiHidden=\"false\"    UnhideWhenUsed=\"false\" Name=\"Medium List 2 Accent 4\" \/> <w :LsdException Locked=\"false\" Priority=\"67\" SemiHidden=\"false\"    UnhideWhenUsed=\"false\" Name=\"Medium Grid 1 Accent 4\" \/> <w :LsdException Locked=\"false\" Priority=\"68\" SemiHidden=\"false\"    UnhideWhenUsed=\"false\" Name=\"Medium Grid 2 Accent 4\" \/> <w :LsdException Locked=\"false\" Priority=\"69\" SemiHidden=\"false\"    UnhideWhenUsed=\"false\" Name=\"Medium Grid 3 Accent 4\" \/> <w :LsdException Locked=\"false\" Priority=\"70\" SemiHidden=\"false\"    UnhideWhenUsed=\"false\" Name=\"Dark List Accent 4\" \/> <w :LsdException Locked=\"false\" Priority=\"71\" SemiHidden=\"false\"    UnhideWhenUsed=\"false\" Name=\"Colorful Shading Accent 4\" \/> <w :LsdException Locked=\"false\" Priority=\"72\" SemiHidden=\"false\"    UnhideWhenUsed=\"false\" Name=\"Colorful List Accent 4\" \/> <w :LsdException Locked=\"false\" Priority=\"73\" SemiHidden=\"false\"    UnhideWhenUsed=\"false\" Name=\"Colorful Grid Accent 4\" \/> <w :LsdException Locked=\"false\" Priority=\"60\" SemiHidden=\"false\"    UnhideWhenUsed=\"false\" Name=\"Light Shading Accent 5\" \/> <w :LsdException Locked=\"false\" Priority=\"61\" SemiHidden=\"false\"    UnhideWhenUsed=\"false\" Name=\"Light List Accent 5\" \/> <w :LsdException Locked=\"false\" Priority=\"62\" SemiHidden=\"false\"    UnhideWhenUsed=\"false\" Name=\"Light Grid Accent 5\" \/> <w :LsdException Locked=\"false\" Priority=\"63\" SemiHidden=\"false\"    UnhideWhenUsed=\"false\" Name=\"Medium Shading 1 Accent 5\" \/> <w :LsdException Locked=\"false\" Priority=\"64\" SemiHidden=\"false\"    UnhideWhenUsed=\"false\" Name=\"Medium Shading 2 Accent 5\" \/> <w :LsdException Locked=\"false\" Priority=\"65\" SemiHidden=\"false\"    UnhideWhenUsed=\"false\" Name=\"Medium List 1 Accent 5\" \/> <w :LsdException Locked=\"false\" Priority=\"66\" SemiHidden=\"false\"    UnhideWhenUsed=\"false\" Name=\"Medium List 2 Accent 5\" \/> <w :LsdException Locked=\"false\" Priority=\"67\" SemiHidden=\"false\"    UnhideWhenUsed=\"false\" Name=\"Medium Grid 1 Accent 5\" \/> <w :LsdException Locked=\"false\" Priority=\"68\" SemiHidden=\"false\"    UnhideWhenUsed=\"false\" Name=\"Medium Grid 2 Accent 5\" \/> <w :LsdException Locked=\"false\" Priority=\"69\" SemiHidden=\"false\"    UnhideWhenUsed=\"false\" Name=\"Medium Grid 3 Accent 5\" \/> <w :LsdException Locked=\"false\" Priority=\"70\" SemiHidden=\"false\"    UnhideWhenUsed=\"false\" Name=\"Dark List Accent 5\" \/> <w :LsdException Locked=\"false\" Priority=\"71\" SemiHidden=\"false\"    UnhideWhenUsed=\"false\" Name=\"Colorful Shading Accent 5\" \/> <w :LsdException Locked=\"false\" Priority=\"72\" SemiHidden=\"false\"    UnhideWhenUsed=\"false\" Name=\"Colorful List Accent 5\" \/> <w :LsdException Locked=\"false\" Priority=\"73\" SemiHidden=\"false\"    UnhideWhenUsed=\"false\" Name=\"Colorful Grid Accent 5\" \/> <w :LsdException Locked=\"false\" Priority=\"60\" SemiHidden=\"false\"    UnhideWhenUsed=\"false\" Name=\"Light Shading Accent 6\" \/> <w :LsdException Locked=\"false\" Priority=\"61\" SemiHidden=\"false\"    UnhideWhenUsed=\"false\" Name=\"Light List Accent 6\" \/> <w :LsdException Locked=\"false\" Priority=\"62\" SemiHidden=\"false\"    UnhideWhenUsed=\"false\" Name=\"Light Grid Accent 6\" \/> <w :LsdException Locked=\"false\" Priority=\"63\" SemiHidden=\"false\"    UnhideWhenUsed=\"false\" Name=\"Medium Shading 1 Accent 6\" \/> <w :LsdException Locked=\"false\" Priority=\"64\" SemiHidden=\"false\"    UnhideWhenUsed=\"false\" Name=\"Medium Shading 2 Accent 6\" \/> <w :LsdException Locked=\"false\" Priority=\"65\" SemiHidden=\"false\"    UnhideWhenUsed=\"false\" Name=\"Medium List 1 Accent 6\" \/> <w :LsdException Locked=\"false\" Priority=\"66\" SemiHidden=\"false\"    UnhideWhenUsed=\"false\" Name=\"Medium List 2 Accent 6\" \/> <w :LsdException Locked=\"false\" Priority=\"67\" SemiHidden=\"false\"    UnhideWhenUsed=\"false\" Name=\"Medium Grid 1 Accent 6\" \/> <w :LsdException Locked=\"false\" Priority=\"68\" SemiHidden=\"false\"    UnhideWhenUsed=\"false\" Name=\"Medium Grid 2 Accent 6\" \/> <w :LsdException Locked=\"false\" Priority=\"69\" SemiHidden=\"false\"    UnhideWhenUsed=\"false\" Name=\"Medium Grid 3 Accent 6\" \/> <w :LsdException Locked=\"false\" Priority=\"70\" SemiHidden=\"false\"    UnhideWhenUsed=\"false\" Name=\"Dark List Accent 6\" \/> <w :LsdException Locked=\"false\" Priority=\"71\" SemiHidden=\"false\"    UnhideWhenUsed=\"false\" Name=\"Colorful Shading Accent 6\" \/> <w :LsdException Locked=\"false\" Priority=\"72\" SemiHidden=\"false\"    UnhideWhenUsed=\"false\" Name=\"Colorful List Accent 6\" \/> <w :LsdException Locked=\"false\" Priority=\"73\" SemiHidden=\"false\"    UnhideWhenUsed=\"false\" Name=\"Colorful Grid Accent 6\" \/> <w :LsdException Locked=\"false\" Priority=\"19\" SemiHidden=\"false\"    UnhideWhenUsed=\"false\" QFormat=\"true\" Name=\"Subtle Emphasis\" \/> <w :LsdException Locked=\"false\" Priority=\"21\" SemiHidden=\"false\"    UnhideWhenUsed=\"false\" QFormat=\"true\" Name=\"Intense Emphasis\" \/> <w :LsdException Locked=\"false\" Priority=\"31\" SemiHidden=\"false\"    UnhideWhenUsed=\"false\" QFormat=\"true\" Name=\"Subtle Reference\" \/> <w :LsdException Locked=\"false\" Priority=\"32\" SemiHidden=\"false\"    UnhideWhenUsed=\"false\" QFormat=\"true\" Name=\"Intense Reference\" \/> <w :LsdException Locked=\"false\" Priority=\"33\" SemiHidden=\"false\"    UnhideWhenUsed=\"false\" QFormat=\"true\" Name=\"Book Title\" \/> <w :LsdException Locked=\"false\" Priority=\"37\" Name=\"Bibliography\" \/> <w :LsdException Locked=\"false\" Priority=\"39\" QFormat=\"true\" Name=\"TOC Heading\" \/> <\/w> <\/xml>< ![endif]--><\/p>\n","protected":false},"excerpt":{"rendered":"<p>TARIFAS Hotel Paradisus Palma Real ***** Tarifa por persona en $ (Golfistas Amateurs) Del 23 al 26 de Julio. Plan de 3 noches Sencilla: $ 1.685 Doble:\u00a0 $ 1.445 Triple:\u00a0 $ 1.395 Chl 5 a 11 a \u00a0 $\u00a0 1.085 Hotel Paradisus Palma Real ***** Tarifa por persona en $&#8230;<\/p>\n","protected":false},"author":5688,"featured_media":0,"parent":0,"menu_order":0,"comment_status":"open","ping_status":"closed","template":"","meta":{"footnotes":""},"class_list":["post-5730","page","type-page","status-publish","hentry"],"_links":{"self":[{"href":"https:\/\/www.golfreportlatino.com\/dev\/index.php?rest_route=\/wp\/v2\/pages\/5730"}],"collection":[{"href":"https:\/\/www.golfreportlatino.com\/dev\/index.php?rest_route=\/wp\/v2\/pages"}],"about":[{"href":"https:\/\/www.golfreportlatino.com\/dev\/index.php?rest_route=\/wp\/v2\/types\/page"}],"author":[{"embeddable":true,"href":"https:\/\/www.golfreportlatino.com\/dev\/index.php?rest_route=\/wp\/v2\/users\/5688"}],"replies":[{"embeddable":true,"href":"https:\/\/www.golfreportlatino.com\/dev\/index.php?rest_route=%2Fwp%2Fv2%2Fcomments&post=5730"}],"version-history":[{"count":21,"href":"https:\/\/www.golfreportlatino.com\/dev\/index.php?rest_route=\/wp\/v2\/pages\/5730\/revisions"}],"predecessor-version":[{"id":5734,"href":"https:\/\/www.golfreportlatino.com\/dev\/index.php?rest_route=\/wp\/v2\/pages\/5730\/revisions\/5734"}],"wp:attachment":[{"href":"https:\/\/www.golfreportlatino.com\/dev\/index.php?rest_route=%2Fwp%2Fv2%2Fmedia&parent=5730"}],"curies":[{"name":"wp","href":"https:\/\/api.w.org\/{rel}","templated":true}]}}