{"id":977,"date":"2008-11-07T18:53:24","date_gmt":"2008-11-07T23:23:24","guid":{"rendered":"http:\/\/www.golfreportlatino.com\/dev\/?page_id=977"},"modified":"2008-11-07T18:55:17","modified_gmt":"2008-11-07T23:25:17","slug":"el-secreto-del-golf-no-esta-en-las-munecas","status":"publish","type":"page","link":"https:\/\/www.golfreportlatino.com\/dev\/?page_id=977","title":{"rendered":"El secreto del Golf no est\u00e1 en las mu\u00f1ecas."},"content":{"rendered":"<p><em>marca.com\u00a0 Espa\u00f1a<\/em><\/p>\n<p>Cient\u00edficos brit\u00e1nicos han descubierto que la acci\u00f3n de la mu\u00f1eca no juega un papel importante a la hora de realizar un perfecto &#8216;swing&#8217; de golf tras comprobar que la clave para alcanzar una gran distancia en los golpes se encuentra en el cu\u00e1ndo y el c\u00f3mo se distribuye la fuerza durante la ejecuci\u00f3n.<\/p>\n<p>La investigaci\u00f3n publicada en el &#8216;Proceedings&#8217; de la Royal Society, el ingeniero de la Universidad de Surrey, Robin Sharp basa sus conclusiones en un modelo por ordenador en el que el golfista utiliza tres puntos de rotaci\u00f3n: los hombros en relaci\u00f3n a la columna, los brazos en relaci\u00f3n a los hombros, y las mu\u00f1ecas con respecto a los brazos.<\/p>\n<p>Aunque la sabidur\u00eda del juego apunta a la frecuencia de unas rotaciones con respecto a las otras como el secreto del golpe potente, el estudio de Sharp es el primero que optimiza esas frecuencias y analiza c\u00f3mo se desarrolla la energ\u00eda cuando el golfista realiza un &#8216;swing&#8217;. Estudios anteriores asum\u00edan uno de estos dos postulados: que el par de torsi\u00f3n llega a su m\u00e1ximo durante el denominado &#8216;backswing&#8217; &#8211;cuando el palo se encuentra a la altura de la espalda del jugador&#8211;, o, que va a en aumento durante el &#8216;swing&#8217;, alzando su tope en el momento del impacto contra la bola.<\/p>\n<p>Sharp utiliz\u00f3 su modelo sobre los estilos de tres golfistas profesionales y los resultados mostraron que estos jugadores podr\u00edan haber mejorado su distancia de golpe si hubiesen llevado r\u00e1pidamente el par de torsi\u00f3n al m\u00e1ximo y lo hubiesen mantenido a ese nivel durante el resto del &#8216;swing&#8217;.<\/p>\n<p>El experto sugiere que la perfecci\u00f3n del golpe depende m\u00e1s de la aplicaci\u00f3n de estos pares de rotaci\u00f3n de acuerdo con las necesidades, y que, al contrario de la tradici\u00f3n, \u00abno todo est\u00e1 en las mu\u00f1ecas\u00bb. \u00abEn los &#8216;swings&#8217; que hemos estudiado, el control de los brazos, y no las mu\u00f1ecas, es lo prioritario. La mejor estrategia consiste en golpear primero con los hombros mientras se agarra el palo por detr\u00e1s, y despu\u00e9s de una peque\u00f1a demora, llevar el movimiento con los brazos, para soltarlo despu\u00e9s por las mu\u00f1ecas\u00bb, dijo Shar<\/p>\n","protected":false},"excerpt":{"rendered":"<p>marca.com\u00a0 Espa\u00f1a Cient\u00edficos brit\u00e1nicos han descubierto que la acci\u00f3n de la mu\u00f1eca no juega un papel importante a la hora de realizar un perfecto &#8216;swing&#8217; de golf tras comprobar que la clave para alcanzar una gran distancia en los golpes se encuentra en el cu\u00e1ndo y el c\u00f3mo se distribuye&#8230;<\/p>\n","protected":false},"author":5688,"featured_media":0,"parent":0,"menu_order":0,"comment_status":"open","ping_status":"closed","template":"","meta":{"footnotes":""},"class_list":["post-977","page","type-page","status-publish","hentry"],"_links":{"self":[{"href":"https:\/\/www.golfreportlatino.com\/dev\/index.php?rest_route=\/wp\/v2\/pages\/977"}],"collection":[{"href":"https:\/\/www.golfreportlatino.com\/dev\/index.php?rest_route=\/wp\/v2\/pages"}],"about":[{"href":"https:\/\/www.golfreportlatino.com\/dev\/index.php?rest_route=\/wp\/v2\/types\/page"}],"author":[{"embeddable":true,"href":"https:\/\/www.golfreportlatino.com\/dev\/index.php?rest_route=\/wp\/v2\/users\/5688"}],"replies":[{"embeddable":true,"href":"https:\/\/www.golfreportlatino.com\/dev\/index.php?rest_route=%2Fwp%2Fv2%2Fcomments&post=977"}],"version-history":[{"count":4,"href":"https:\/\/www.golfreportlatino.com\/dev\/index.php?rest_route=\/wp\/v2\/pages\/977\/revisions"}],"predecessor-version":[{"id":980,"href":"https:\/\/www.golfreportlatino.com\/dev\/index.php?rest_route=\/wp\/v2\/pages\/977\/revisions\/980"}],"wp:attachment":[{"href":"https:\/\/www.golfreportlatino.com\/dev\/index.php?rest_route=%2Fwp%2Fv2%2Fmedia&parent=977"}],"curies":[{"name":"wp","href":"https:\/\/api.w.org\/{rel}","templated":true}]}}